{"id":1092,"date":"2019-06-18T21:39:52","date_gmt":"2019-06-18T19:39:52","guid":{"rendered":"http:\/\/www.laleclercgouesnou.fr\/v2\/?page_id=1092"},"modified":"2021-10-12T19:52:04","modified_gmt":"2021-10-12T17:52:04","slug":"photos-et-resultats-2019","status":"publish","type":"page","link":"https:\/\/www.laleclercgouesnou.fr\/v2\/photos-et-resultats-2019\/","title":{"rendered":"Edition 2019"},"content":{"rendered":"<p><iframe loading=\"lazy\" src=\"https:\/\/pic2go.com\/f4.jsp?eventId=5028573797416960&amp;locale=fr&amp;autoPref=1&amp;height=325&amp;width=430\" width=\"430\" height=\"325\" frameborder=\"0\" scrolling=\"no\"><\/iframe><\/p>\n\n\n<p><\/p>\n\n\n\n<p>Les r\u00e9sultats du 10 Km <a href=\"https:\/\/www.sportinnovation.fr\/resultats\/resultat_cr.php?crs=3633\">ici<\/a><\/p>\n\n\n\n<p>Les r\u00e9sultats du 5 Km<a href=\"https:\/\/www.sportinnovation.fr\/resultats\/resultat_cr.php?crs=3632\"> ici<\/a><\/p>\n\n\n\n<p>Premier Prix Handisport 10km : Ronan BIBENS<\/p>\n\n\n<p><em><strong>R\u00e9sulats du challenge Entreprise<\/strong><\/em><\/p>\n<p>Bravo aux \u00e9quipes d&rsquo;entreprise ! On a not\u00e9 quelques points d&rsquo;am\u00e9lioration mais c&rsquo;\u00e9tait tr\u00e8s sympa de voir cette belle coh\u00e9sion sur le parcours !<\/p>\n<p>Sur le 5 Km<\/p>\n<p>1. Team&nbsp;<a class=\"profileLink\" href=\"https:\/\/www.facebook.com\/KERMASPORT\/?__tn__=K-R&amp;eid=ARBWDjeUIpsfpaVR87EDAk2UmDYDkyK3xLvTkQ6QgDFWJECq8gvtnG6Qe0wjHINloNtD3gZ2qtAwpLew&amp;fref=mentions&amp;__xts__%5B0%5D=68.ARCj066vBzfT9gC-5qyARxtWevS5RWFb77HbzQ7JzwtdGzDz17g_-LDjP_dRthSPdT90jMTlpF2PNwgbn80WVYRP5GX6rOIjOwjj7xDlfjquDKL3VKL1al7iZ1Y85Zwk_L1obAYPVe1FoUV8NDw5HzaHB9VQtqQSc1Jnkx3Kppr1b8dE-O1VkkDVHvZ0Y4XylmcgDsn2FrIP7UL9DnxeZCN6X68pGCKVTAPkfII5RjYuzjmfmZy2v0-_5LhmmU29GZQMzdrdvMpO5rSP1okYF4r9DwWgqnxlBjzuIsmRGjWs3t3NHsO5AJ4xo5YOT_AbbkrT1G6R_gQgdco2Elt9dI_uznnj\" data-hovercard=\"\/ajax\/hovercard\/page.php?id=145865508917390&amp;extragetparams=%7B%22__tn__%22%3A%22%2CdK-R-R%22%2C%22eid%22%3A%22ARBWDjeUIpsfpaVR87EDAk2UmDYDkyK3xLvTkQ6QgDFWJECq8gvtnG6Qe0wjHINloNtD3gZ2qtAwpLew%22%2C%22fref%22%3A%22mentions%22%7D&amp;av=1707042572648421&amp;eav=Afa9LBZxnAJiJ_hyUFvZhCAi6bFTovu9qflc7VIm6q8vxIYWKjEpnSvwOy9jQSJ-VQWyxyQRN49_u2KXY5NlscyY\" data-hovercard-prefer-more-content-show=\"1\">Kermasport<\/a><span class=\"text_exposed_show\"><br>2. Team&nbsp;<a class=\"profileLink\" href=\"https:\/\/www.facebook.com\/ELeclercPortedeGouesnou\/?__tn__=K-R&amp;eid=ARDcq5fhFVfj45-y4X6n4PdwP0ahbjeJ0KtIGGoYINqHo5fNOX94-Cqcmwn_7vSeCeiJ7Z9Z-B9E5vKf&amp;fref=mentions&amp;__xts__%5B0%5D=68.ARCj066vBzfT9gC-5qyARxtWevS5RWFb77HbzQ7JzwtdGzDz17g_-LDjP_dRthSPdT90jMTlpF2PNwgbn80WVYRP5GX6rOIjOwjj7xDlfjquDKL3VKL1al7iZ1Y85Zwk_L1obAYPVe1FoUV8NDw5HzaHB9VQtqQSc1Jnkx3Kppr1b8dE-O1VkkDVHvZ0Y4XylmcgDsn2FrIP7UL9DnxeZCN6X68pGCKVTAPkfII5RjYuzjmfmZy2v0-_5LhmmU29GZQMzdrdvMpO5rSP1okYF4r9DwWgqnxlBjzuIsmRGjWs3t3NHsO5AJ4xo5YOT_AbbkrT1G6R_gQgdco2Elt9dI_uznnj\" data-hovercard=\"\/ajax\/hovercard\/page.php?id=353666594709652&amp;extragetparams=%7B%22__tn__%22%3A%22%2CdK-R-R%22%2C%22eid%22%3A%22ARDcq5fhFVfj45-y4X6n4PdwP0ahbjeJ0KtIGGoYINqHo5fNOX94-Cqcmwn_7vSeCeiJ7Z9Z-B9E5vKf%22%2C%22fref%22%3A%22mentions%22%7D&amp;av=1707042572648421&amp;eav=AfaO02bAi2SVLfM6JoSWWEV0mZzl6FJ8fWHoWEGonSJY9J7juq-ZgHS2cPCMf-gQBFdSOqQayYaIYGVSI4_1DNhs\" data-hovercard-prefer-more-content-show=\"1\">E.Leclerc Porte de Gouesnou<\/a><br>3. Team CIC OUEST<\/span><\/p>\n<div class=\"text_exposed_show\">\n<p>Sur le 10 Km<\/p>\n<p>1. Team&nbsp;<a class=\"profileLink\" href=\"https:\/\/www.facebook.com\/Sill-entreprise-sports-1603046756591096\/?__tn__=K-R&amp;eid=ARAnBXS6vmo9NcGOMao53hL4CqpnTGyOGKuOT8CJGJ6f3MxF25mzNzkfBO7M7m6rHWo8q1eGmKacyIJS&amp;fref=mentions&amp;__xts__%5B0%5D=68.ARCj066vBzfT9gC-5qyARxtWevS5RWFb77HbzQ7JzwtdGzDz17g_-LDjP_dRthSPdT90jMTlpF2PNwgbn80WVYRP5GX6rOIjOwjj7xDlfjquDKL3VKL1al7iZ1Y85Zwk_L1obAYPVe1FoUV8NDw5HzaHB9VQtqQSc1Jnkx3Kppr1b8dE-O1VkkDVHvZ0Y4XylmcgDsn2FrIP7UL9DnxeZCN6X68pGCKVTAPkfII5RjYuzjmfmZy2v0-_5LhmmU29GZQMzdrdvMpO5rSP1okYF4r9DwWgqnxlBjzuIsmRGjWs3t3NHsO5AJ4xo5YOT_AbbkrT1G6R_gQgdco2Elt9dI_uznnj\" data-hovercard=\"\/ajax\/hovercard\/page.php?id=1603046756591096&amp;extragetparams=%7B%22__tn__%22%3A%22%2CdK-R-R%22%2C%22eid%22%3A%22ARAnBXS6vmo9NcGOMao53hL4CqpnTGyOGKuOT8CJGJ6f3MxF25mzNzkfBO7M7m6rHWo8q1eGmKacyIJS%22%2C%22fref%22%3A%22mentions%22%7D&amp;av=1707042572648421&amp;eav=AfYbmxkmsyknqcSaU4k6SmKveqcT4ROWHTwhZyfUcObB7swtM9RFjV-WZtK3ANNUSZNXLEGiF_glGXuPqiUuTdM7\" data-hovercard-prefer-more-content-show=\"1\">Sill entreprise sports<\/a><br>2. Team&nbsp;<a class=\"profileLink\" href=\"https:\/\/www.facebook.com\/ELeclercPortedeGouesnou\/?__tn__=K-R&amp;eid=ARAaLOKqb0jwM8euN7PGgX-VLxfFsRowbYxNwGNWPQP8jwnlF2CkVc_G1SlFNSpNKfaj-kawThh70j8l&amp;fref=mentions&amp;__xts__%5B0%5D=68.ARCj066vBzfT9gC-5qyARxtWevS5RWFb77HbzQ7JzwtdGzDz17g_-LDjP_dRthSPdT90jMTlpF2PNwgbn80WVYRP5GX6rOIjOwjj7xDlfjquDKL3VKL1al7iZ1Y85Zwk_L1obAYPVe1FoUV8NDw5HzaHB9VQtqQSc1Jnkx3Kppr1b8dE-O1VkkDVHvZ0Y4XylmcgDsn2FrIP7UL9DnxeZCN6X68pGCKVTAPkfII5RjYuzjmfmZy2v0-_5LhmmU29GZQMzdrdvMpO5rSP1okYF4r9DwWgqnxlBjzuIsmRGjWs3t3NHsO5AJ4xo5YOT_AbbkrT1G6R_gQgdco2Elt9dI_uznnj\" data-hovercard=\"\/ajax\/hovercard\/page.php?id=353666594709652&amp;extragetparams=%7B%22__tn__%22%3A%22%2CdK-R-R%22%2C%22eid%22%3A%22ARAaLOKqb0jwM8euN7PGgX-VLxfFsRowbYxNwGNWPQP8jwnlF2CkVc_G1SlFNSpNKfaj-kawThh70j8l%22%2C%22fref%22%3A%22mentions%22%7D&amp;av=1707042572648421&amp;eav=AfbzXU9tenthsRon4PuvnWrvp2dG9Ltq6zb241knYhgILjKF1_t3XbJmLPvI2v39W_-W1PDLPTWG5_UOFyQ-mfQQ\" data-hovercard-prefer-more-content-show=\"1\">E.Leclerc Porte de Gouesnou<\/a><br>3. Team&nbsp;<a class=\"profileLink\" href=\"https:\/\/www.facebook.com\/ELeclercPortedeGouesnou\/?__tn__=K-R&amp;eid=ARD0u-MdjsEDZLR8fnfCKphzeKXeQbw5Wwu569L7pyNVabsVtfveueaHkvxUUKbz0noOzF52k3NsIf-S&amp;fref=mentions&amp;__xts__%5B0%5D=68.ARCj066vBzfT9gC-5qyARxtWevS5RWFb77HbzQ7JzwtdGzDz17g_-LDjP_dRthSPdT90jMTlpF2PNwgbn80WVYRP5GX6rOIjOwjj7xDlfjquDKL3VKL1al7iZ1Y85Zwk_L1obAYPVe1FoUV8NDw5HzaHB9VQtqQSc1Jnkx3Kppr1b8dE-O1VkkDVHvZ0Y4XylmcgDsn2FrIP7UL9DnxeZCN6X68pGCKVTAPkfII5RjYuzjmfmZy2v0-_5LhmmU29GZQMzdrdvMpO5rSP1okYF4r9DwWgqnxlBjzuIsmRGjWs3t3NHsO5AJ4xo5YOT_AbbkrT1G6R_gQgdco2Elt9dI_uznnj\" data-hovercard=\"\/ajax\/hovercard\/page.php?id=353666594709652&amp;extragetparams=%7B%22__tn__%22%3A%22%2CdK-R-R%22%2C%22eid%22%3A%22ARD0u-MdjsEDZLR8fnfCKphzeKXeQbw5Wwu569L7pyNVabsVtfveueaHkvxUUKbz0noOzF52k3NsIf-S%22%2C%22fref%22%3A%22mentions%22%7D&amp;av=1707042572648421&amp;eav=AfY_5ejyB53vZGNuNWlR1chvouQ1aT-kRXkENT9rKKWM09Vhr7cpY9IwjrpZDMLG3O7sDuX9ZYWIgkVG2cBGXKwI\" data-hovercard-prefer-more-content-show=\"1\">E.Leclerc Porte de Gouesnou<\/a>&nbsp;Gar\u00e7ons bouchers<br>4. Team CIC OUEST<br>5. Team Tout Feu Tout Frais\/Bredial<br>6. Team&nbsp;<a class=\"profileLink\" href=\"https:\/\/www.facebook.com\/brestcosmeticar\/?__tn__=K-R&amp;eid=ARBOvCt9MPelT_tqgIgmU0I5C2QKN8qomDd2dJwXCnrVzVd7xs_rPcRwaqLFwRE3A7mGzW6atbhiyvsi&amp;fref=mentions&amp;__xts__%5B0%5D=68.ARCj066vBzfT9gC-5qyARxtWevS5RWFb77HbzQ7JzwtdGzDz17g_-LDjP_dRthSPdT90jMTlpF2PNwgbn80WVYRP5GX6rOIjOwjj7xDlfjquDKL3VKL1al7iZ1Y85Zwk_L1obAYPVe1FoUV8NDw5HzaHB9VQtqQSc1Jnkx3Kppr1b8dE-O1VkkDVHvZ0Y4XylmcgDsn2FrIP7UL9DnxeZCN6X68pGCKVTAPkfII5RjYuzjmfmZy2v0-_5LhmmU29GZQMzdrdvMpO5rSP1okYF4r9DwWgqnxlBjzuIsmRGjWs3t3NHsO5AJ4xo5YOT_AbbkrT1G6R_gQgdco2Elt9dI_uznnj\" data-hovercard=\"\/ajax\/hovercard\/page.php?id=253655531765230&amp;extragetparams=%7B%22__tn__%22%3A%22%2CdK-R-R%22%2C%22eid%22%3A%22ARBOvCt9MPelT_tqgIgmU0I5C2QKN8qomDd2dJwXCnrVzVd7xs_rPcRwaqLFwRE3A7mGzW6atbhiyvsi%22%2C%22fref%22%3A%22mentions%22%7D&amp;av=1707042572648421&amp;eav=AfZObxIbeXHmFAxnVZNIeRgoajbCRYKr7ZjX_slGCFN1fRCC6BeQdK937y0rHd2Io_rDft9pxyrfwyITe0qIc-ml\" data-hovercard-prefer-more-content-show=\"1\">CosmetiCar BREST<\/a><br>6. Team CIC OUEST<br>7. TEam&nbsp;<a class=\"profileLink\" href=\"https:\/\/www.facebook.com\/GroupamaLoireBretagne\/?__tn__=K-R&amp;eid=ARCLP_0H9RTZ3UPRyDWIOqx8yXFRUvod2Da7GVwcaht_0wsqsCXGlTKPgmm5L38gGJP-Lpsy6_vPOTqd&amp;fref=mentions&amp;__xts__%5B0%5D=68.ARCj066vBzfT9gC-5qyARxtWevS5RWFb77HbzQ7JzwtdGzDz17g_-LDjP_dRthSPdT90jMTlpF2PNwgbn80WVYRP5GX6rOIjOwjj7xDlfjquDKL3VKL1al7iZ1Y85Zwk_L1obAYPVe1FoUV8NDw5HzaHB9VQtqQSc1Jnkx3Kppr1b8dE-O1VkkDVHvZ0Y4XylmcgDsn2FrIP7UL9DnxeZCN6X68pGCKVTAPkfII5RjYuzjmfmZy2v0-_5LhmmU29GZQMzdrdvMpO5rSP1okYF4r9DwWgqnxlBjzuIsmRGjWs3t3NHsO5AJ4xo5YOT_AbbkrT1G6R_gQgdco2Elt9dI_uznnj\" data-hovercard=\"\/ajax\/hovercard\/page.php?id=543845985671386&amp;extragetparams=%7B%22__tn__%22%3A%22%2CdK-R-R%22%2C%22eid%22%3A%22ARCLP_0H9RTZ3UPRyDWIOqx8yXFRUvod2Da7GVwcaht_0wsqsCXGlTKPgmm5L38gGJP-Lpsy6_vPOTqd%22%2C%22fref%22%3A%22mentions%22%7D&amp;av=1707042572648421&amp;eav=AfYCQ_ioIy7FjviiboTQGw6KUNVI3gQJrnAZOJAoSJt2QyJ6Aw2biN10vT8b5Rf68audvTDuKoeXP8ndDBvLj7Ad\" data-hovercard-prefer-more-content-show=\"1\">Groupama Loire Bretagne<\/a><br>8. Team&nbsp;<a class=\"profileLink\" href=\"https:\/\/www.facebook.com\/DOMVIE-Brest-Morlaix-335766850475953\/?__tn__=K-R&amp;eid=ARCZhPWCf5JiJRx7i144CwuiVxAZsYVrwn9NUi08WNf56cDKKdDmQtUkRGS8fcgdg5KJeQQgRQbsTL9W&amp;fref=mentions&amp;__xts__%5B0%5D=68.ARCj066vBzfT9gC-5qyARxtWevS5RWFb77HbzQ7JzwtdGzDz17g_-LDjP_dRthSPdT90jMTlpF2PNwgbn80WVYRP5GX6rOIjOwjj7xDlfjquDKL3VKL1al7iZ1Y85Zwk_L1obAYPVe1FoUV8NDw5HzaHB9VQtqQSc1Jnkx3Kppr1b8dE-O1VkkDVHvZ0Y4XylmcgDsn2FrIP7UL9DnxeZCN6X68pGCKVTAPkfII5RjYuzjmfmZy2v0-_5LhmmU29GZQMzdrdvMpO5rSP1okYF4r9DwWgqnxlBjzuIsmRGjWs3t3NHsO5AJ4xo5YOT_AbbkrT1G6R_gQgdco2Elt9dI_uznnj\" data-hovercard=\"\/ajax\/hovercard\/page.php?id=335766850475953&amp;extragetparams=%7B%22__tn__%22%3A%22%2CdK-R-R%22%2C%22eid%22%3A%22ARCZhPWCf5JiJRx7i144CwuiVxAZsYVrwn9NUi08WNf56cDKKdDmQtUkRGS8fcgdg5KJeQQgRQbsTL9W%22%2C%22fref%22%3A%22mentions%22%7D&amp;av=1707042572648421&amp;eav=AfaUEijOEETq_SoO2ZQ4py3eRUxicL3ssabC30-k5laB0R-oa8HAyCn63R7XyBijWPDuVN_QAYh3ISKDw2p4c29z\" data-hovercard-prefer-more-content-show=\"1\">DOM&amp;VIE &#8211; Brest \/ Morlaix<\/a><\/p>\n<p>A l&rsquo;ann\u00e9e prochaine encore plus nombreux !!<\/p>\n<p><img loading=\"lazy\" decoding=\"async\" class=\"alignnone  wp-image-1123\" src=\"http:\/\/www.laleclercgouesnou.fr\/v2\/wp-content\/uploads\/2019\/06\/dom-et-vie-300x225.jpg\" alt=\"\" width=\"177\" height=\"133\" srcset=\"https:\/\/www.laleclercgouesnou.fr\/v2\/wp-content\/uploads\/2019\/06\/dom-et-vie-300x225.jpg 300w, https:\/\/www.laleclercgouesnou.fr\/v2\/wp-content\/uploads\/2019\/06\/dom-et-vie-768x576.jpg 768w, https:\/\/www.laleclercgouesnou.fr\/v2\/wp-content\/uploads\/2019\/06\/dom-et-vie-1024x768.jpg 1024w, https:\/\/www.laleclercgouesnou.fr\/v2\/wp-content\/uploads\/2019\/06\/dom-et-vie.jpg 1600w\" sizes=\"auto, (max-width: 177px) 100vw, 177px\" \/> <img loading=\"lazy\" decoding=\"async\" class=\"alignnone  wp-image-1124\" src=\"http:\/\/www.laleclercgouesnou.fr\/v2\/wp-content\/uploads\/2019\/06\/cosmeticar-300x225.jpg\" alt=\"\" width=\"180\" height=\"136\" srcset=\"https:\/\/www.laleclercgouesnou.fr\/v2\/wp-content\/uploads\/2019\/06\/cosmeticar-300x225.jpg 300w, https:\/\/www.laleclercgouesnou.fr\/v2\/wp-content\/uploads\/2019\/06\/cosmeticar-768x576.jpg 768w, https:\/\/www.laleclercgouesnou.fr\/v2\/wp-content\/uploads\/2019\/06\/cosmeticar-1024x768.jpg 1024w, https:\/\/www.laleclercgouesnou.fr\/v2\/wp-content\/uploads\/2019\/06\/cosmeticar.jpg 2048w\" sizes=\"auto, (max-width: 180px) 100vw, 180px\" \/> <img loading=\"lazy\" decoding=\"async\" class=\"alignnone  wp-image-1125\" src=\"http:\/\/www.laleclercgouesnou.fr\/v2\/wp-content\/uploads\/2019\/06\/team-CIC-300x200.jpg\" alt=\"\" width=\"198\" height=\"133\" srcset=\"https:\/\/www.laleclercgouesnou.fr\/v2\/wp-content\/uploads\/2019\/06\/team-CIC-300x200.jpg 300w, https:\/\/www.laleclercgouesnou.fr\/v2\/wp-content\/uploads\/2019\/06\/team-CIC-768x512.jpg 768w, https:\/\/www.laleclercgouesnou.fr\/v2\/wp-content\/uploads\/2019\/06\/team-CIC-1024x683.jpg 1024w, https:\/\/www.laleclercgouesnou.fr\/v2\/wp-content\/uploads\/2019\/06\/team-CIC.jpg 1620w\" sizes=\"auto, (max-width: 198px) 100vw, 198px\" \/><\/p>\n<\/div>\n\n\n<p class=\"has-text-align-center\"><strong>MERCI A TOUS LES PHOTOGRAPHES !!<\/strong><\/p>\n\n\n\n<p>Photos de R\u00e9gis COGUENNOC sur le circuit <a href=\"https:\/\/photos.google.com\/share\/AF1QipMFVLSyKPohJ5PeMenqunFPYQKvARzOF4cAl9NkfD-nwopCNl5h6Fh604Uspkwm1A?key=eW4xbVpqcFBrMjZGaGo5N01oUjdCLUNVSFhTdmFR\">ici<\/a><\/p>\n\n\n\n<p>Photos d&rsquo;Albert QUERE : la marche <a href=\"https:\/\/photos.app.goo.gl\/aCQqN9g4vQmBoPWq7\">ici<\/a><\/p>\n\n\n\n<p>Photos de Beno\u00eet MARC : arriv\u00e9es du 5 Km, podium et d\u00e9part du 10 Km <a href=\"https:\/\/photos.app.goo.gl\/TmvBBHTh3fFZXhJR6?fbclid=IwAR0Srl9OfA-u6raPlwJKOTph2E9BgU-1KOZEgMUcYcoLLJaIzGdNityLux4\">ici<\/a><\/p>\n\n\n\n<p>Photos de Beno\u00eet MARC : Courses enfants et arriv\u00e9es du 5 Km <a href=\"https:\/\/photos.google.com\/share\/AF1QipO4DIThDkeMki8sCQxWvmtS60vAFl3XrROc1LLl-8iarE9dgnYkqBSxW1wvTxbUOg?key=YVhnbzlXQVlaVE9FRmsyTjh0RnhFY0JVYjhjQjNR\">ici<\/a><\/p>\n\n\n\n<p>Photos de Beno\u00eet MARC : marches et courses enfants <a href=\"https:\/\/photos.google.com\/share\/AF1QipOxm5byRqwns6cuvmy002KtBSoyqmGqsC_1u-jqnHX4ZPw32tp0zddvcORw7gX3uA?key=YUpKT1c0SUI4V3lqSk1BSnV6dE9ZSWlwTExJZ2hB\">ici<\/a><\/p>\n\n\n\n<p>Photos de Beno\u00eet MARC : arriv\u00e9es du 10 Km part 2 <a href=\"https:\/\/photos.google.com\/share\/AF1QipPFB8diHsGuWNO8APoFyMs3rVaeauZAdcVeyw327_qoTnPsNQwJl4QaSV0JC0R0Lg?key=dDQzcWM3RERzUy1ya1dnOHhjaldSaHVQaXFfRk5R\">ici<\/a><\/p>\n\n\n\n<p>Photos de Beno\u00eet MARC : arriv\u00e9es du 10 Km part 1 <a href=\"https:\/\/photos.google.com\/share\/AF1QipMIttY-JGM7CBrrpW2sJc-tF8sCsYlFKR4casegrr1sgLuAhWNEkLk4fbcuCBkDYw?key=N2VVb3FyZkxHdjd2RmVzZkdpdlMwemY5a2QzNXV3\">ici<\/a><\/p>\n\n\n\n<p>Photos de Bernard GOASDUFF : 10 KM <a href=\"https:\/\/photos.app.goo.gl\/xbKCwjAYjv8qSWdQ8\">ici<\/a><\/p>\n\n\n\n<p>Photos de Beno\u00eet MARC : village <a href=\"https:\/\/photos.google.com\/share\/AF1QipNOV8LaGVYAg9dU1APa3fNaXqwFuzIFjsKtsQLZOwMNtdIUvz4VhSQXQShjCPNLTg?key=bHBWTUJjLVA0aGZtV0xVcXMyU3owcXFFQ2pDT0NB\">ici<\/a><\/p>\n\n\n\n<p>Photos de G\u00e9rard HELIES sur le circuit <a href=\"https:\/\/photos.google.com\/share\/AF1QipND5SDuJXeddJjVdeO2DSGsrxe02GdqSsEOlRCJJ8arbeAYbYeyjwpARWJOXu56DA?key=dGxUZ2wzakJNYjNRSTVRN1F6ckgyaE9uQ1hGV2pR&amp;fbclid=IwAR0mn5zHUOOuxzgD0cVN0GsSf0ppaPFqDeTZitxodX1gSjHZMPyrVIqCrno\">ici<\/a><\/p>\n\n\n\n<p>Photos de Bernard GOASDUFF : 5 km <a href=\"https:\/\/photos.app.goo.gl\/1aZW7c5Vv3reju3b6\">ici<\/a><\/p>\n\n\n\n<p>Photos de J\u00e9r\u00f4me HAMON sur le circuit <a href=\"https:\/\/photos.google.com\/share\/AF1QipPg_CEyj1n2C2t8SEg-pDh0oblr3CdVKmLtwIr8fdvkhm17eMeC-f0uhHl9-8XpZg?key=U2stdjBtN1Z3OVZiQ2FhUWRHbG52andhekJiUFN3\">ici<\/a><\/p>\n\n\n\n<p><\/p>\n","protected":false},"excerpt":{"rendered":"<p>Les r\u00e9sultats du 10 Km ici Les r\u00e9sultats du 5 Km ici Premier Prix Handisport 10km : Ronan BIBENS R\u00e9sulats du challenge Entreprise Bravo aux<\/p>\n","protected":false},"author":1,"featured_media":0,"parent":0,"menu_order":0,"comment_status":"closed","ping_status":"closed","template":"","meta":{"footnotes":""},"class_list":["post-1092","page","type-page","status-publish","hentry"],"_links":{"self":[{"href":"https:\/\/www.laleclercgouesnou.fr\/v2\/wp-json\/wp\/v2\/pages\/1092","targetHints":{"allow":["GET"]}}],"collection":[{"href":"https:\/\/www.laleclercgouesnou.fr\/v2\/wp-json\/wp\/v2\/pages"}],"about":[{"href":"https:\/\/www.laleclercgouesnou.fr\/v2\/wp-json\/wp\/v2\/types\/page"}],"author":[{"embeddable":true,"href":"https:\/\/www.laleclercgouesnou.fr\/v2\/wp-json\/wp\/v2\/users\/1"}],"replies":[{"embeddable":true,"href":"https:\/\/www.laleclercgouesnou.fr\/v2\/wp-json\/wp\/v2\/comments?post=1092"}],"version-history":[{"count":12,"href":"https:\/\/www.laleclercgouesnou.fr\/v2\/wp-json\/wp\/v2\/pages\/1092\/revisions"}],"predecessor-version":[{"id":1337,"href":"https:\/\/www.laleclercgouesnou.fr\/v2\/wp-json\/wp\/v2\/pages\/1092\/revisions\/1337"}],"wp:attachment":[{"href":"https:\/\/www.laleclercgouesnou.fr\/v2\/wp-json\/wp\/v2\/media?parent=1092"}],"curies":[{"name":"wp","href":"https:\/\/api.w.org\/{rel}","templated":true}]}}